{"id":10384,"date":"2025-08-28T14:36:03","date_gmt":"2025-08-28T14:36:03","guid":{"rendered":"https:\/\/intl-crimes-doc.org\/?page_id=10384"},"modified":"2026-04-01T13:16:37","modified_gmt":"2026-04-01T13:16:37","slug":"policies","status":"publish","type":"page","link":"https:\/\/intl-crimes-doc.org\/en\/policies\/","title":{"rendered":"Policies"},"content":{"rendered":"<div data-elementor-type=\"wp-page\" data-elementor-id=\"10384\" class=\"elementor elementor-10384\" data-elementor-post-type=\"page\">\n\t\t\t\t<div class=\"elementor-element elementor-element-e00d28d e-flex e-con-boxed e-con e-parent\" data-id=\"e00d28d\" data-element_type=\"container\" data-e-type=\"container\" id=\"protection\">\n\t\t\t\t\t<div class=\"e-con-inner\">\n\t\t\t\t<div class=\"elementor-element elementor-element-145cf4c elementor-widget elementor-widget-spacer\" data-id=\"145cf4c\" data-element_type=\"widget\" data-e-type=\"widget\" data-widget_type=\"spacer.default\">\n\t\t\t\t<div class=\"elementor-widget-container\">\n\t\t\t\t\t\t\t<div class=\"elementor-spacer\">\n\t\t\t<div class=\"elementor-spacer-inner\"><\/div>\n\t\t<\/div>\n\t\t\t\t\t\t<\/div>\n\t\t\t\t<\/div>\n\t\t\t\t<div class=\"elementor-element elementor-element-0f3ca77 elementor-widget elementor-widget-heading\" data-id=\"0f3ca77\" data-element_type=\"widget\" data-e-type=\"widget\" data-widget_type=\"heading.default\">\n\t\t\t\t<div class=\"elementor-widget-container\">\n\t\t\t\t\t<h2 class=\"elementor-heading-title elementor-size-default\"><span style=\"background-color: #990000;color: white;padding: 2px\">Data protection<\/span>\n<\/h2>\t\t\t\t<\/div>\n\t\t\t\t<\/div>\n\t\t\t\t<div class=\"elementor-element elementor-element-e6c607a elementor-widget elementor-widget-text-editor\" data-id=\"e6c607a\" data-element_type=\"widget\" data-e-type=\"widget\" data-widget_type=\"text-editor.default\">\n\t\t\t\t<div class=\"elementor-widget-container\">\n\t\t\t\t\t\t\t\t\t<p>The Documentation Centrale des Crimes Internationaux \u2013 DCCI (or ICCD \u2013 International Crimes Central Documentation, hereinafter also referred to as \u201cwe\u201d) operates the website https:\/\/intl-crimes-doc.org (the \u201cSite\u201d). We are committed to protecting your privacy and handling your data with transparency. This policy explains how we collect, use, and safeguard your personal information when you visit our Site. By using the Site, you agree to the practices described below.<\/p><p><strong>Collected data<\/strong><\/p><p>We may collect the following types of information:<\/p><ul><li>Personal Data: Name, email address, or contact details (if you submit forms, subscribe to our newsletters, or contact us).<\/li><li>Non-Personal Data: Browser type, IP address, pages visited, and anonymized analytics (via cookies).<\/li><li>User Contributions: Comments, reports, or any other content you voluntarily submit.<\/li><\/ul><div>\u00a0<\/div><div>\u00a0<\/div><p><strong>How do we collect your data?<\/strong><\/p><p>You directly provide most of the data we collect. We collect and process data when you:<\/p><ul><li>Register online or order any of our products or services.<\/li><li>Voluntarily respond to a survey, leave comments on our forums, or contact us via email.<\/li><li>Visit our Site through your browser\u2019s cookies.<\/li><\/ul><div>\u00a0<\/div><div>\u00a0<\/div><p><strong>Data security<\/strong><br \/>We implement technical and organizational measures to protect your data (e.g., encryption, firewalls). However, no online transmission is 100% secure.<\/p><p><strong>Cookies<\/strong><\/p><p>Cookies are text files placed on your computer to collect standard internet log information and visitor behavior data (e.g., language preferences). When you visit our Site, we may automatically collect information via cookies or similar technologies. You can disable cookies in your browser settings, but some features may no longer be available.<\/p><p><strong>Use of data<\/strong><\/p><p>The data we collect is used to:<\/p><ul><li>Provide and improve our services (e.g., access to research, event updates).<\/li><li>Respond to your inquiries.<\/li><li>Analyze traffic using tools such as Google Analytics (data is anonymized where possible).<\/li><li>Fulfill our legal obligations (e.g., court orders).\n\nWe do not sell or share your data with third parties for commercial purposes.<\/li><\/ul><p>Nous ne vendons ni ne partageons vos donn\u00e9es avec des tiers \u00e0 des fins commerciales.<\/p><p><strong>Data sharing<\/strong><\/p><p>Your data is only shared in the following cases:<\/p><ul><li>With trusted partners (e.g., IT service providers) bound by strict confidentiality agreements.<\/li><li>To comply with the law (e.g., court orders, fraud prevention).<\/li><li>With your explicit consent (e.g., co-publication of research or testimonies).<\/li><\/ul><div>\u00a0<\/div><div>\u00a0<\/div><p><strong>External privacy policies<\/strong><br \/>Our Site may contain links to other websites. Our policy applies only to our own Site: please consult the privacy and data protection policy of the site you are visiting.<br \/>.<\/p><p><strong>Your rights<\/strong><br \/>Under the GDPR and similar laws, you have the right to:<\/p><ul><li>Access, rectify, or delete your personal data, as well as restrict or object to its processing.<\/li><li>Request the transfer of your data to another organization or directly to you, under certain conditions.<\/li><li>Withdraw your consent (e.g., unsubscribe from our emails).<\/li><li>Lodge a complaint with your national data protection authority.<\/li><\/ul><p>To exercise these rights, please contact us.\u00a0<\/p><p><strong>International transfers<\/strong><br \/>Your data may be processed outside your country, but only with appropriate safeguards (e.g., EU GDPR standards).<\/p><p><strong>Protection of children<\/strong><br \/>Our Site is not intended for minors. We do not knowingly collect their data.<\/p><p><strong>Mises \u00e0 jour de la politique<\/strong><br \/>This policy may be revised periodically. Any changes will be published here with a new \u201clast updated\u201d date.<\/p><p><strong>Contact us<\/strong><br \/>For any questions or requests regarding your data and privacy, please contact: contact@intl-crimes-doc.org<\/p><p>Address: 122 rue Amelot, XIe arr. Paris, FRANCE<\/p>\t\t\t\t\t\t\t\t<\/div>\n\t\t\t\t<\/div>\n\t\t\t\t<div class=\"elementor-element elementor-element-f69be17 elementor-widget elementor-widget-spacer\" data-id=\"f69be17\" data-element_type=\"widget\" data-e-type=\"widget\" id=\"permissions\" data-widget_type=\"spacer.default\">\n\t\t\t\t<div class=\"elementor-widget-container\">\n\t\t\t\t\t\t\t<div class=\"elementor-spacer\">\n\t\t\t<div class=\"elementor-spacer-inner\"><\/div>\n\t\t<\/div>\n\t\t\t\t\t\t<\/div>\n\t\t\t\t<\/div>\n\t\t\t\t<div class=\"elementor-element elementor-element-09846ae elementor-widget elementor-widget-heading\" data-id=\"09846ae\" data-element_type=\"widget\" data-e-type=\"widget\" data-widget_type=\"heading.default\">\n\t\t\t\t<div class=\"elementor-widget-container\">\n\t\t\t\t\t<h2 class=\"elementor-heading-title elementor-size-default\"><span style=\"background-color: #990000;color: white;padding: 2px\">Legal mentions<\/span>\n<\/h2>\t\t\t\t<\/div>\n\t\t\t\t<\/div>\n\t\t\t\t<div class=\"elementor-element elementor-element-0325c51 elementor-widget elementor-widget-text-editor\" data-id=\"0325c51\" data-element_type=\"widget\" data-e-type=\"widget\" data-widget_type=\"text-editor.default\">\n\t\t\t\t<div class=\"elementor-widget-container\">\n\t\t\t\t\t\t\t\t\t<p><strong>La Documentation Centrale des Crimes Internationaux &#8211; DCCI \u2022 ICCD<\/strong> <strong>&#8211; International Crimes Central <\/strong><strong>Documentation<\/strong> provides the public with reports, archives, and multimedia documents to promote the enforcement of public international law. This policy defines the terms of use for our content.<\/p><p>Most DCCI publications are licensed under Creative Commons Attribution \u2013 NonCommercial 4.0 (CC BY-NC).<\/p><p><strong>You are allowed to:<\/strong><br \/>Share: Copy and redistribute the material for non-commercial purposes.<br \/>Adapt: Translate or excerpt passages with appropriate attribution.<\/p><p><strong>Obligations :<\/strong><br \/>Credit DCCI-ICCD as the source.<br \/>Do not use the material for commercial purposes or imply DCCI endorsement.<br \/>Exception: Some content (e.g., third-party photos) may require specific permissions.<br \/>Important: Our logo and trademarks are not covered by the Creative Commons license. Unauthorized use is prohibited.<\/p><p>No formal permission is required for educational use.<\/p>\t\t\t\t\t\t\t\t<\/div>\n\t\t\t\t<\/div>\n\t\t\t\t<div class=\"elementor-element elementor-element-435d10c elementor-widget elementor-widget-spacer\" data-id=\"435d10c\" data-element_type=\"widget\" data-e-type=\"widget\" id=\"methodologie\" data-widget_type=\"spacer.default\">\n\t\t\t\t<div class=\"elementor-widget-container\">\n\t\t\t\t\t\t\t<div class=\"elementor-spacer\">\n\t\t\t<div class=\"elementor-spacer-inner\"><\/div>\n\t\t<\/div>\n\t\t\t\t\t\t<\/div>\n\t\t\t\t<\/div>\n\t\t\t\t<div class=\"elementor-element elementor-element-a0aa9c8 elementor-widget elementor-widget-heading\" data-id=\"a0aa9c8\" data-element_type=\"widget\" data-e-type=\"widget\" data-widget_type=\"heading.default\">\n\t\t\t\t<div class=\"elementor-widget-container\">\n\t\t\t\t\t<h2 class=\"elementor-heading-title elementor-size-default\"><span style=\"background-color: #990000;color: white;padding: 2px\">Methodology<\/span>\n<\/h2>\t\t\t\t<\/div>\n\t\t\t\t<\/div>\n\t\t\t\t<div class=\"elementor-element elementor-element-1f61d72 elementor-widget elementor-widget-text-editor\" data-id=\"1f61d72\" data-element_type=\"widget\" data-e-type=\"widget\" data-widget_type=\"text-editor.default\">\n\t\t\t\t<div class=\"elementor-widget-container\">\n\t\t\t\t\t\t\t\t\t<p><strong>La Documentation Centrale des Crimes Internationaux &#8211; DCCI \u2022 ICCD &#8211; International Crimes Central <\/strong><strong>Documentation<\/strong> centralises data from its investigations on an interactive world map that locates acts that may constitute international crimes, with details about the alleged perpetrators, victims and circumstances of the acts.<\/p><p>\u00a0<\/p><p>In parallel, lists of these crimes are compiled by country, and organizational charts of belligerent entities are developed, taking into account the chain of command. This approach clarifies the general crisis circumstances in which specific acts are committed and gathers information useful from a judicial perspective.<\/p><p>\u00a0<\/p><p>All sources are cited, except in cases where there is a risk of reprisal against witnesses. In such situations, the safety of human sources is prioritized, and information that could lead to their identification is neither published nor transmitted to a court without their consent. In all cases, the use of sources adheres to scientific methodological rigor to produce reliable information. Each piece of information is cross-checked with independent sources.<\/p><p>\u00a0<\/p><p class=\"translation-block\">Our method is aligned with international standards, such as the <strong>Berkeley's Protocole<\/strong> on open source investigations.<\/p>\t\t\t\t\t\t\t\t<\/div>\n\t\t\t\t<\/div>\n\t\t\t\t<div class=\"elementor-element elementor-element-5b5c7b7 elementor-widget elementor-widget-spacer\" data-id=\"5b5c7b7\" data-element_type=\"widget\" data-e-type=\"widget\" data-widget_type=\"spacer.default\">\n\t\t\t\t<div class=\"elementor-widget-container\">\n\t\t\t\t\t\t\t<div class=\"elementor-spacer\">\n\t\t\t<div class=\"elementor-spacer-inner\"><\/div>\n\t\t<\/div>\n\t\t\t\t\t\t<\/div>\n\t\t\t\t<\/div>\n\t\t\t\t\t<\/div>\n\t\t\t\t<\/div>\n\t\t\t\t<\/div>","protected":false},"excerpt":{"rendered":"<p>Protection des donn\u00e9es La Documentation Centrale des Crimes Internationaux &#8211; DCCI (ou ICCD &#8211; International Crimes Central Documentation, ci-apr\u00e8s \u00e9galement d\u00e9sign\u00e9 par \u00ab\u00a0nous\u00a0\u00bb) exploite le site https:\/\/intl-crimes-doc.org (le \u00ab\u00a0Site\u00a0\u00bb). Nous nous engageons \u00e0 prot\u00e9ger votre vie priv\u00e9e et \u00e0 traiter vos donn\u00e9es avec transparence. Cette politique explique comment nous collectons, utilisons et prot\u00e9geons vos informations [&hellip;]<\/p>\n","protected":false},"author":2,"featured_media":0,"parent":0,"menu_order":0,"comment_status":"closed","ping_status":"closed","template":"","meta":{"footnotes":""},"class_list":["post-10384","page","type-page","status-publish","hentry"],"yoast_head":"<!-- This site is optimized with the Yoast SEO plugin v27.2 - https:\/\/yoast.com\/product\/yoast-seo-wordpress\/ -->\n<title>Policies - DCCI<\/title>\n<meta name=\"robots\" content=\"index, follow, max-snippet:-1, max-image-preview:large, max-video-preview:-1\" \/>\n<link rel=\"canonical\" href=\"https:\/\/intl-crimes-doc.org\/en\/policies\/\" \/>\n<meta property=\"og:locale\" content=\"en_US\" \/>\n<meta property=\"og:type\" content=\"article\" \/>\n<meta property=\"og:title\" content=\"Policies - DCCI\" \/>\n<meta property=\"og:description\" content=\"Protection des donn\u00e9es La Documentation Centrale des Crimes Internationaux &#8211; DCCI (ou ICCD &#8211; International Crimes Central Documentation, ci-apr\u00e8s \u00e9galement d\u00e9sign\u00e9 par \u00ab\u00a0nous\u00a0\u00bb) exploite le site https:\/\/intl-crimes-doc.org (le \u00ab\u00a0Site\u00a0\u00bb). Nous nous engageons \u00e0 prot\u00e9ger votre vie priv\u00e9e et \u00e0 traiter vos donn\u00e9es avec transparence. Cette politique explique comment nous collectons, utilisons et prot\u00e9geons vos informations [&hellip;]\" \/>\n<meta property=\"og:url\" content=\"https:\/\/intl-crimes-doc.org\/en\/policies\/\" \/>\n<meta property=\"og:site_name\" content=\"DCCI\" \/>\n<meta property=\"article:modified_time\" content=\"2026-04-01T13:16:37+00:00\" \/>\n<meta name=\"twitter:card\" content=\"summary_large_image\" \/>\n<meta name=\"twitter:label1\" content=\"Est. reading time\" \/>\n\t<meta name=\"twitter:data1\" content=\"5 minutes\" \/>\n<script type=\"application\/ld+json\" class=\"yoast-schema-graph\">{\"@context\":\"https:\/\/schema.org\",\"@graph\":[{\"@type\":\"WebPage\",\"@id\":\"https:\/\/intl-crimes-doc.org\/policies\/\",\"url\":\"https:\/\/intl-crimes-doc.org\/policies\/\",\"name\":\"Policies - DCCI\",\"isPartOf\":{\"@id\":\"https:\/\/intl-crimes-doc.org\/fr\/#website\"},\"datePublished\":\"2025-08-28T14:36:03+00:00\",\"dateModified\":\"2026-04-01T13:16:37+00:00\",\"breadcrumb\":{\"@id\":\"https:\/\/intl-crimes-doc.org\/policies\/#breadcrumb\"},\"inLanguage\":\"en-US\",\"potentialAction\":[{\"@type\":\"ReadAction\",\"target\":[\"https:\/\/intl-crimes-doc.org\/policies\/\"]}]},{\"@type\":\"BreadcrumbList\",\"@id\":\"https:\/\/intl-crimes-doc.org\/policies\/#breadcrumb\",\"itemListElement\":[{\"@type\":\"ListItem\",\"position\":1,\"name\":\"Home\",\"item\":\"https:\/\/intl-crimes-doc.org\/\"},{\"@type\":\"ListItem\",\"position\":2,\"name\":\"Policies\"}]},{\"@type\":\"WebSite\",\"@id\":\"https:\/\/intl-crimes-doc.org\/fr\/#website\",\"url\":\"https:\/\/intl-crimes-doc.org\/fr\/\",\"name\":\"DCCI\",\"description\":\"Documentation Centrale des Crimes Internationaux\",\"publisher\":{\"@id\":\"https:\/\/intl-crimes-doc.org\/fr\/#organization\"},\"potentialAction\":[{\"@type\":\"SearchAction\",\"target\":{\"@type\":\"EntryPoint\",\"urlTemplate\":\"https:\/\/intl-crimes-doc.org\/fr\/?s={search_term_string}\"},\"query-input\":{\"@type\":\"PropertyValueSpecification\",\"valueRequired\":true,\"valueName\":\"search_term_string\"}}],\"inLanguage\":\"en-US\"},{\"@type\":\"Organization\",\"@id\":\"https:\/\/intl-crimes-doc.org\/fr\/#organization\",\"name\":\"DCCI\",\"url\":\"https:\/\/intl-crimes-doc.org\/fr\/\",\"logo\":{\"@type\":\"ImageObject\",\"inLanguage\":\"en-US\",\"@id\":\"https:\/\/intl-crimes-doc.org\/fr\/#\/schema\/logo\/image\/\",\"url\":\"https:\/\/intl-crimes-doc.org\/wp-content\/uploads\/2024\/10\/erasebg-transformed.png\",\"contentUrl\":\"https:\/\/intl-crimes-doc.org\/wp-content\/uploads\/2024\/10\/erasebg-transformed.png\",\"width\":195,\"height\":146,\"caption\":\"DCCI\"},\"image\":{\"@id\":\"https:\/\/intl-crimes-doc.org\/fr\/#\/schema\/logo\/image\/\"}}]}<\/script>\n<!-- \/ Yoast SEO plugin. -->","yoast_head_json":{"title":"Policies - DCCI","robots":{"index":"index","follow":"follow","max-snippet":"max-snippet:-1","max-image-preview":"max-image-preview:large","max-video-preview":"max-video-preview:-1"},"canonical":"https:\/\/intl-crimes-doc.org\/en\/policies\/","og_locale":"en_US","og_type":"article","og_title":"Policies - DCCI","og_description":"Protection des donn\u00e9es La Documentation Centrale des Crimes Internationaux &#8211; DCCI (ou ICCD &#8211; International Crimes Central Documentation, ci-apr\u00e8s \u00e9galement d\u00e9sign\u00e9 par \u00ab\u00a0nous\u00a0\u00bb) exploite le site https:\/\/intl-crimes-doc.org (le \u00ab\u00a0Site\u00a0\u00bb). Nous nous engageons \u00e0 prot\u00e9ger votre vie priv\u00e9e et \u00e0 traiter vos donn\u00e9es avec transparence. Cette politique explique comment nous collectons, utilisons et prot\u00e9geons vos informations [&hellip;]","og_url":"https:\/\/intl-crimes-doc.org\/en\/policies\/","og_site_name":"DCCI","article_modified_time":"2026-04-01T13:16:37+00:00","twitter_card":"summary_large_image","twitter_misc":{"Est. reading time":"5 minutes"},"schema":{"@context":"https:\/\/schema.org","@graph":[{"@type":"WebPage","@id":"https:\/\/intl-crimes-doc.org\/policies\/","url":"https:\/\/intl-crimes-doc.org\/policies\/","name":"Policies - DCCI","isPartOf":{"@id":"https:\/\/intl-crimes-doc.org\/fr\/#website"},"datePublished":"2025-08-28T14:36:03+00:00","dateModified":"2026-04-01T13:16:37+00:00","breadcrumb":{"@id":"https:\/\/intl-crimes-doc.org\/policies\/#breadcrumb"},"inLanguage":"en-US","potentialAction":[{"@type":"ReadAction","target":["https:\/\/intl-crimes-doc.org\/policies\/"]}]},{"@type":"BreadcrumbList","@id":"https:\/\/intl-crimes-doc.org\/policies\/#breadcrumb","itemListElement":[{"@type":"ListItem","position":1,"name":"Home","item":"https:\/\/intl-crimes-doc.org\/"},{"@type":"ListItem","position":2,"name":"Policies"}]},{"@type":"WebSite","@id":"https:\/\/intl-crimes-doc.org\/fr\/#website","url":"https:\/\/intl-crimes-doc.org\/fr\/","name":"DCCI","description":"International Crimes Central Documentation","publisher":{"@id":"https:\/\/intl-crimes-doc.org\/fr\/#organization"},"potentialAction":[{"@type":"SearchAction","target":{"@type":"EntryPoint","urlTemplate":"https:\/\/intl-crimes-doc.org\/fr\/?s={search_term_string}"},"query-input":{"@type":"PropertyValueSpecification","valueRequired":true,"valueName":"search_term_string"}}],"inLanguage":"en-US"},{"@type":"Organization","@id":"https:\/\/intl-crimes-doc.org\/fr\/#organization","name":"DCCI","url":"https:\/\/intl-crimes-doc.org\/fr\/","logo":{"@type":"ImageObject","inLanguage":"en-US","@id":"https:\/\/intl-crimes-doc.org\/fr\/#\/schema\/logo\/image\/","url":"https:\/\/intl-crimes-doc.org\/wp-content\/uploads\/2024\/10\/erasebg-transformed.png","contentUrl":"https:\/\/intl-crimes-doc.org\/wp-content\/uploads\/2024\/10\/erasebg-transformed.png","width":195,"height":146,"caption":"DCCI"},"image":{"@id":"https:\/\/intl-crimes-doc.org\/fr\/#\/schema\/logo\/image\/"}}]}},"_links":{"self":[{"href":"https:\/\/intl-crimes-doc.org\/en\/wp-json\/wp\/v2\/pages\/10384","targetHints":{"allow":["GET"]}}],"collection":[{"href":"https:\/\/intl-crimes-doc.org\/en\/wp-json\/wp\/v2\/pages"}],"about":[{"href":"https:\/\/intl-crimes-doc.org\/en\/wp-json\/wp\/v2\/types\/page"}],"author":[{"embeddable":true,"href":"https:\/\/intl-crimes-doc.org\/en\/wp-json\/wp\/v2\/users\/2"}],"replies":[{"embeddable":true,"href":"https:\/\/intl-crimes-doc.org\/en\/wp-json\/wp\/v2\/comments?post=10384"}],"version-history":[{"count":25,"href":"https:\/\/intl-crimes-doc.org\/en\/wp-json\/wp\/v2\/pages\/10384\/revisions"}],"predecessor-version":[{"id":27230,"href":"https:\/\/intl-crimes-doc.org\/en\/wp-json\/wp\/v2\/pages\/10384\/revisions\/27230"}],"wp:attachment":[{"href":"https:\/\/intl-crimes-doc.org\/en\/wp-json\/wp\/v2\/media?parent=10384"}],"curies":[{"name":"wp","href":"https:\/\/api.w.org\/{rel}","templated":true}]}}