{"id":10378,"date":"2025-08-28T14:35:51","date_gmt":"2025-08-28T14:35:51","guid":{"rendered":"https:\/\/intl-crimes-doc.org\/?page_id=10378"},"modified":"2026-04-01T13:15:15","modified_gmt":"2026-04-01T13:15:15","slug":"stay-informed","status":"publish","type":"page","link":"https:\/\/intl-crimes-doc.org\/fr\/stay-informed\/","title":{"rendered":"Stay Informed"},"content":{"rendered":"\t\t<div data-elementor-type=\"wp-page\" data-elementor-id=\"10378\" class=\"elementor elementor-10378\" data-elementor-post-type=\"page\">\n\t\t\t\t<div class=\"elementor-element elementor-element-21ce8914 e-flex e-con-boxed e-con e-parent\" data-id=\"21ce8914\" data-element_type=\"container\" data-e-type=\"container\" id=\"contact\">\n\t\t\t\t\t<div class=\"e-con-inner\">\n\t\t<div class=\"elementor-element elementor-element-28c0807e e-flex e-con-boxed e-con e-child\" data-id=\"28c0807e\" data-element_type=\"container\" data-e-type=\"container\">\n\t\t\t\t\t<div class=\"e-con-inner\">\n\t\t\t\t<div class=\"elementor-element elementor-element-5ab9bd90 animated-slow elementor-invisible elementor-widget elementor-widget-heading\" data-id=\"5ab9bd90\" data-element_type=\"widget\" data-e-type=\"widget\" data-settings=\"{&quot;_animation&quot;:&quot;fadeInDown&quot;}\" data-widget_type=\"heading.default\">\n\t\t\t\t<div class=\"elementor-widget-container\">\n\t\t\t\t\t<h2 class=\"elementor-heading-title elementor-size-default\"><span>NOUS CONTACTER<\/span><\/h2>\t\t\t\t<\/div>\n\t\t\t\t<\/div>\n\t\t\t\t\t<\/div>\n\t\t\t\t<\/div>\n\t\t<div class=\"elementor-element elementor-element-10cae4f0 e-con-full e-flex elementor-invisible e-con e-child\" data-id=\"10cae4f0\" data-element_type=\"container\" data-e-type=\"container\" data-settings=\"{&quot;animation&quot;:&quot;fadeIn&quot;}\">\n\t\t\t\t<div class=\"elementor-element elementor-element-5423f89 elementor-widget__width-initial elementor-widget elementor-widget-text-editor\" data-id=\"5423f89\" data-element_type=\"widget\" data-e-type=\"widget\" data-widget_type=\"text-editor.default\">\n\t\t\t\t<div class=\"elementor-widget-container\">\n\t\t\t\t\t\t\t\t\t<p>Envoyez un email \u00e0 <span style=\"text-decoration: underline;\"><strong>contact@intl-crimes-doc.org<\/strong><\/span> (messagerie crypt\u00e9e par Protonmail) ou compl\u00e9tez le formulaire<br \/>ci-dessous :<\/p>\t\t\t\t\t\t\t\t<\/div>\n\t\t\t\t<\/div>\n\t\t\t\t<div class=\"elementor-element elementor-element-5790ab83 elementor-tablet-button-align-stretch elementor-widget__width-initial elementor-button-align-center elementor-invisible elementor-widget elementor-widget-form\" data-id=\"5790ab83\" data-element_type=\"widget\" data-e-type=\"widget\" data-settings=\"{&quot;button_width&quot;:&quot;20&quot;,&quot;button_width_tablet&quot;:&quot;100&quot;,&quot;step_next_label&quot;:&quot;Next&quot;,&quot;step_previous_label&quot;:&quot;Previous&quot;,&quot;_animation&quot;:&quot;fadeInUp&quot;,&quot;step_type&quot;:&quot;number_text&quot;,&quot;step_icon_shape&quot;:&quot;circle&quot;}\" data-widget_type=\"form.default\">\n\t\t\t\t<div class=\"elementor-widget-container\">\n\t\t\t\t\t\t\t<form class=\"elementor-form\" method=\"post\" name=\"Contact Us\" aria-label=\"Contact Us\">\n\t\t\t<input type=\"hidden\" name=\"post_id\" value=\"10378\"\/>\n\t\t\t<input type=\"hidden\" name=\"form_id\" value=\"5790ab83\"\/>\n\t\t\t<input type=\"hidden\" name=\"referer_title\" value=\"Stay Informed - DCCI\" \/>\n\n\t\t\t\t\t\t\t<input type=\"hidden\" name=\"queried_id\" value=\"10378\"\/>\n\t\t\t\n\t\t\t<div class=\"elementor-form-fields-wrapper elementor-labels-\">\n\t\t\t\t\t\t\t\t<div class=\"elementor-field-type-text elementor-field-group elementor-column elementor-field-group-name elementor-col-33 elementor-md-50\">\n\t\t\t\t\t\t\t\t\t\t\t\t<label for=\"form-field-name\" class=\"elementor-field-label elementor-screen-only\">\n\t\t\t\t\t\t\t\tFirst Name\t\t\t\t\t\t\t<\/label>\n\t\t\t\t\t\t\t\t\t\t\t\t\t\t<input size=\"1\" type=\"text\" name=\"form_fields[name]\" id=\"form-field-name\" class=\"elementor-field elementor-size-sm  elementor-field-textual\" placeholder=\"* Nom et Pr\u00e9nom\">\n\t\t\t\t\t\t\t\t\t\t\t<\/div>\n\t\t\t\t\t\t\t\t<div class=\"elementor-field-type-tel elementor-field-group elementor-column elementor-field-group-field_719ed13 elementor-col-33 elementor-md-50\">\n\t\t\t\t\t\t\t\t\t\t\t\t<label for=\"form-field-field_719ed13\" class=\"elementor-field-label elementor-screen-only\">\n\t\t\t\t\t\t\t\tPhone Number\t\t\t\t\t\t\t<\/label>\n\t\t\t\t\t\t\t\t<input size=\"1\" type=\"tel\" name=\"form_fields[field_719ed13]\" id=\"form-field-field_719ed13\" class=\"elementor-field elementor-size-sm  elementor-field-textual\" placeholder=\"T\u00e9l\u00e9phone\" pattern=\"[0-9()#&amp;+*-=.]+\" title=\"Only numbers and phone characters (#, -, *, etc) are accepted.\">\n\n\t\t\t\t\t\t<\/div>\n\t\t\t\t\t\t\t\t<div class=\"elementor-field-type-email elementor-field-group elementor-column elementor-field-group-email elementor-col-33 elementor-md-50 elementor-field-required\">\n\t\t\t\t\t\t\t\t\t\t\t\t<label for=\"form-field-email\" class=\"elementor-field-label elementor-screen-only\">\n\t\t\t\t\t\t\t\tEmail\t\t\t\t\t\t\t<\/label>\n\t\t\t\t\t\t\t\t\t\t\t\t\t\t<input size=\"1\" type=\"email\" name=\"form_fields[email]\" id=\"form-field-email\" class=\"elementor-field elementor-size-sm  elementor-field-textual\" placeholder=\"* Email\" required=\"required\">\n\t\t\t\t\t\t\t\t\t\t\t<\/div>\n\t\t\t\t\t\t\t\t<div class=\"elementor-field-type-textarea elementor-field-group elementor-column elementor-field-group-message elementor-col-100 elementor-md-100\">\n\t\t\t\t\t\t\t\t\t\t\t\t<label for=\"form-field-message\" class=\"elementor-field-label elementor-screen-only\">\n\t\t\t\t\t\t\t\tMessage\t\t\t\t\t\t\t<\/label>\n\t\t\t\t\t\t<textarea class=\"elementor-field-textual elementor-field  elementor-size-sm\" name=\"form_fields[message]\" id=\"form-field-message\" rows=\"6\" placeholder=\"Ecrivez votre message ici\"><\/textarea>\t\t\t\t<\/div>\n\t\t\t\t\t\t\t\t<div class=\"elementor-field-group elementor-column elementor-field-type-submit elementor-col-20 e-form__buttons elementor-md-100\">\n\t\t\t\t\t<button class=\"elementor-button elementor-size-sm\" type=\"submit\">\n\t\t\t\t\t\t<span class=\"elementor-button-content-wrapper\">\n\t\t\t\t\t\t\t\t\t\t\t\t\t\t\t\t\t\t\t\t\t\t<span class=\"elementor-button-text\">Envoyer<\/span>\n\t\t\t\t\t\t\t\t\t\t\t\t\t<\/span>\n\t\t\t\t\t<\/button>\n\t\t\t\t<\/div>\n\t\t\t<\/div>\n\t\t<\/form>\n\t\t\t\t\t\t<\/div>\n\t\t\t\t<\/div>\n\t\t\t\t<\/div>\n\t\t\t\t\t<\/div>\n\t\t\t\t<\/div>\n\t\t<div class=\"elementor-element elementor-element-033612c e-flex e-con-boxed e-con e-parent\" data-id=\"033612c\" data-element_type=\"container\" data-e-type=\"container\" id=\"reseaux-sociaux\" data-settings=\"{&quot;background_background&quot;:&quot;slideshow&quot;,&quot;background_slideshow_gallery&quot;:[{&quot;id&quot;:10561,&quot;url&quot;:&quot;https:\\\/\\\/intl-crimes-doc.org\\\/wp-content\\\/uploads\\\/2025\\\/08\\\/Illustration-laptop-scaled.jpg&quot;}],&quot;background_slideshow_loop&quot;:&quot;yes&quot;,&quot;background_slideshow_slide_duration&quot;:5000,&quot;background_slideshow_slide_transition&quot;:&quot;fade&quot;,&quot;background_slideshow_transition_duration&quot;:500}\">\n\t\t\t\t\t<div class=\"e-con-inner\">\n\t\t\t\t<div class=\"elementor-element elementor-element-da522c7 elementor-widget elementor-widget-spacer\" data-id=\"da522c7\" data-element_type=\"widget\" data-e-type=\"widget\" data-widget_type=\"spacer.default\">\n\t\t\t\t<div class=\"elementor-widget-container\">\n\t\t\t\t\t\t\t<div class=\"elementor-spacer\">\n\t\t\t<div class=\"elementor-spacer-inner\"><\/div>\n\t\t<\/div>\n\t\t\t\t\t\t<\/div>\n\t\t\t\t<\/div>\n\t\t\t\t<div class=\"elementor-element elementor-element-b82628d elementor-widget__width-initial elementor-widget elementor-widget-text-editor\" data-id=\"b82628d\" data-element_type=\"widget\" data-e-type=\"widget\" data-widget_type=\"text-editor.default\">\n\t\t\t\t<div class=\"elementor-widget-container\">\n\t\t\t\t\t\t\t\t\t<h2><strong>R\u00e9seaux sociaux<\/strong><\/h2><p>Suivez-nous sur Instagram et LinkedIn pour rester inform\u00e9\u2022e des derni\u00e8res affaires document\u00e9es.<\/p>\t\t\t\t\t\t\t\t<\/div>\n\t\t\t\t<\/div>\n\t\t\t\t<div class=\"elementor-element elementor-element-5d1ec1a e-grid-align-left elementor-widget__width-initial elementor-shape-rounded elementor-grid-0 elementor-widget elementor-widget-social-icons\" data-id=\"5d1ec1a\" data-element_type=\"widget\" data-e-type=\"widget\" data-widget_type=\"social-icons.default\">\n\t\t\t\t<div class=\"elementor-widget-container\">\n\t\t\t\t\t\t\t<div class=\"elementor-social-icons-wrapper elementor-grid\">\n\t\t\t\t\t\t\t<span class=\"elementor-grid-item\">\n\t\t\t\t\t<a class=\"elementor-icon elementor-social-icon elementor-social-icon-linkedin elementor-repeater-item-7d7cb49\" href=\"https:\/\/www.linkedin.com\/company\/108308248\" target=\"_blank\">\n\t\t\t\t\t\t<span class=\"elementor-screen-only\">Linkedin<\/span>\n\t\t\t\t\t\t<svg aria-hidden=\"true\" class=\"e-font-icon-svg e-fab-linkedin\" viewBox=\"0 0 448 512\" xmlns=\"http:\/\/www.w3.org\/2000\/svg\"><path d=\"M416 32H31.9C14.3 32 0 46.5 0 64.3v383.4C0 465.5 14.3 480 31.9 480H416c17.6 0 32-14.5 32-32.3V64.3c0-17.8-14.4-32.3-32-32.3zM135.4 416H69V202.2h66.5V416zm-33.2-243c-21.3 0-38.5-17.3-38.5-38.5S80.9 96 102.2 96c21.2 0 38.5 17.3 38.5 38.5 0 21.3-17.2 38.5-38.5 38.5zm282.1 243h-66.4V312c0-24.8-.5-56.7-34.5-56.7-34.6 0-39.9 27-39.9 54.9V416h-66.4V202.2h63.7v29.2h.9c8.9-16.8 30.6-34.5 62.9-34.5 67.2 0 79.7 44.3 79.7 101.9V416z\"><\/path><\/svg>\t\t\t\t\t<\/a>\n\t\t\t\t<\/span>\n\t\t\t\t\t<\/div>\n\t\t\t\t\t\t<\/div>\n\t\t\t\t<\/div>\n\t\t\t\t<div class=\"elementor-element elementor-element-a0db700 elementor-widget elementor-widget-spacer\" data-id=\"a0db700\" data-element_type=\"widget\" data-e-type=\"widget\" data-widget_type=\"spacer.default\">\n\t\t\t\t<div class=\"elementor-widget-container\">\n\t\t\t\t\t\t\t<div class=\"elementor-spacer\">\n\t\t\t<div class=\"elementor-spacer-inner\"><\/div>\n\t\t<\/div>\n\t\t\t\t\t\t<\/div>\n\t\t\t\t<\/div>\n\t\t\t\t\t<\/div>\n\t\t\t\t<\/div>\n\t\t\t\t<\/div>\n\t\t","protected":false},"excerpt":{"rendered":"<p>NOUS CONTACTER Envoyez un email \u00e0 contact@intl-crimes-doc.org (messagerie crypt\u00e9e par Protonmail) ou compl\u00e9tez le formulaireci-dessous : R\u00e9seaux sociaux Suivez-nous sur Instagram et LinkedIn pour rester inform\u00e9\u2022e des derni\u00e8res affaires document\u00e9es. Linkedin<\/p>\n","protected":false},"author":2,"featured_media":73,"parent":0,"menu_order":0,"comment_status":"closed","ping_status":"closed","template":"elementor_header_footer","meta":{"footnotes":""},"class_list":["post-10378","page","type-page","status-publish","has-post-thumbnail","hentry"],"yoast_head":"<!-- This site is optimized with the Yoast SEO plugin v27.2 - https:\/\/yoast.com\/product\/yoast-seo-wordpress\/ -->\n<title>Stay Informed - DCCI<\/title>\n<meta name=\"robots\" content=\"index, follow, max-snippet:-1, max-image-preview:large, max-video-preview:-1\" \/>\n<link rel=\"canonical\" href=\"https:\/\/intl-crimes-doc.org\/fr\/stay-informed\/\" \/>\n<meta property=\"og:locale\" content=\"fr_FR\" \/>\n<meta property=\"og:type\" content=\"article\" \/>\n<meta property=\"og:title\" content=\"Stay Informed - DCCI\" \/>\n<meta property=\"og:description\" content=\"NOUS CONTACTER Envoyez un email \u00e0 contact@intl-crimes-doc.org (messagerie crypt\u00e9e par Protonmail) ou compl\u00e9tez le formulaireci-dessous : R\u00e9seaux sociaux Suivez-nous sur Instagram et LinkedIn pour rester inform\u00e9\u2022e des derni\u00e8res affaires document\u00e9es. Linkedin\" \/>\n<meta property=\"og:url\" content=\"https:\/\/intl-crimes-doc.org\/fr\/stay-informed\/\" \/>\n<meta property=\"og:site_name\" content=\"DCCI\" \/>\n<meta property=\"article:modified_time\" content=\"2026-04-01T13:15:15+00:00\" \/>\n<meta property=\"og:image\" content=\"https:\/\/intl-crimes-doc.org\/wp-content\/uploads\/2024\/10\/Business-Consulting-Contact-Us.jpg\" \/>\n\t<meta property=\"og:image:width\" content=\"401\" \/>\n\t<meta property=\"og:image:height\" content=\"380\" \/>\n\t<meta property=\"og:image:type\" content=\"image\/jpeg\" \/>\n<meta name=\"twitter:card\" content=\"summary_large_image\" \/>\n<meta name=\"twitter:label1\" content=\"Dur\u00e9e de lecture estim\u00e9e\" \/>\n\t<meta name=\"twitter:data1\" content=\"1 minute\" \/>\n<script type=\"application\/ld+json\" class=\"yoast-schema-graph\">{\"@context\":\"https:\/\/schema.org\",\"@graph\":[{\"@type\":\"WebPage\",\"@id\":\"https:\/\/intl-crimes-doc.org\/stay-informed\/\",\"url\":\"https:\/\/intl-crimes-doc.org\/stay-informed\/\",\"name\":\"Stay Informed - DCCI\",\"isPartOf\":{\"@id\":\"https:\/\/intl-crimes-doc.org\/fr\/#website\"},\"primaryImageOfPage\":{\"@id\":\"https:\/\/intl-crimes-doc.org\/stay-informed\/#primaryimage\"},\"image\":{\"@id\":\"https:\/\/intl-crimes-doc.org\/stay-informed\/#primaryimage\"},\"thumbnailUrl\":\"https:\/\/intl-crimes-doc.org\/wp-content\/uploads\/2024\/10\/Business-Consulting-Contact-Us.jpg\",\"datePublished\":\"2025-08-28T14:35:51+00:00\",\"dateModified\":\"2026-04-01T13:15:15+00:00\",\"breadcrumb\":{\"@id\":\"https:\/\/intl-crimes-doc.org\/stay-informed\/#breadcrumb\"},\"inLanguage\":\"fr-FR\",\"potentialAction\":[{\"@type\":\"ReadAction\",\"target\":[\"https:\/\/intl-crimes-doc.org\/stay-informed\/\"]}]},{\"@type\":\"ImageObject\",\"inLanguage\":\"fr-FR\",\"@id\":\"https:\/\/intl-crimes-doc.org\/stay-informed\/#primaryimage\",\"url\":\"https:\/\/intl-crimes-doc.org\/wp-content\/uploads\/2024\/10\/Business-Consulting-Contact-Us.jpg\",\"contentUrl\":\"https:\/\/intl-crimes-doc.org\/wp-content\/uploads\/2024\/10\/Business-Consulting-Contact-Us.jpg\",\"width\":401,\"height\":380},{\"@type\":\"BreadcrumbList\",\"@id\":\"https:\/\/intl-crimes-doc.org\/stay-informed\/#breadcrumb\",\"itemListElement\":[{\"@type\":\"ListItem\",\"position\":1,\"name\":\"Home\",\"item\":\"https:\/\/intl-crimes-doc.org\/\"},{\"@type\":\"ListItem\",\"position\":2,\"name\":\"Stay Informed\"}]},{\"@type\":\"WebSite\",\"@id\":\"https:\/\/intl-crimes-doc.org\/fr\/#website\",\"url\":\"https:\/\/intl-crimes-doc.org\/fr\/\",\"name\":\"DCCI\",\"description\":\"Documentation Centrale des Crimes Internationaux\",\"publisher\":{\"@id\":\"https:\/\/intl-crimes-doc.org\/fr\/#organization\"},\"potentialAction\":[{\"@type\":\"SearchAction\",\"target\":{\"@type\":\"EntryPoint\",\"urlTemplate\":\"https:\/\/intl-crimes-doc.org\/fr\/?s={search_term_string}\"},\"query-input\":{\"@type\":\"PropertyValueSpecification\",\"valueRequired\":true,\"valueName\":\"search_term_string\"}}],\"inLanguage\":\"fr-FR\"},{\"@type\":\"Organization\",\"@id\":\"https:\/\/intl-crimes-doc.org\/fr\/#organization\",\"name\":\"DCCI\",\"url\":\"https:\/\/intl-crimes-doc.org\/fr\/\",\"logo\":{\"@type\":\"ImageObject\",\"inLanguage\":\"fr-FR\",\"@id\":\"https:\/\/intl-crimes-doc.org\/fr\/#\/schema\/logo\/image\/\",\"url\":\"https:\/\/intl-crimes-doc.org\/wp-content\/uploads\/2024\/10\/erasebg-transformed.png\",\"contentUrl\":\"https:\/\/intl-crimes-doc.org\/wp-content\/uploads\/2024\/10\/erasebg-transformed.png\",\"width\":195,\"height\":146,\"caption\":\"DCCI\"},\"image\":{\"@id\":\"https:\/\/intl-crimes-doc.org\/fr\/#\/schema\/logo\/image\/\"}}]}<\/script>\n<!-- \/ Yoast SEO plugin. -->","yoast_head_json":{"title":"Stay Informed - DCCI","robots":{"index":"index","follow":"follow","max-snippet":"max-snippet:-1","max-image-preview":"max-image-preview:large","max-video-preview":"max-video-preview:-1"},"canonical":"https:\/\/intl-crimes-doc.org\/fr\/stay-informed\/","og_locale":"fr_FR","og_type":"article","og_title":"Stay Informed - DCCI","og_description":"NOUS CONTACTER Envoyez un email \u00e0 contact@intl-crimes-doc.org (messagerie crypt\u00e9e par Protonmail) ou compl\u00e9tez le formulaireci-dessous : R\u00e9seaux sociaux Suivez-nous sur Instagram et LinkedIn pour rester inform\u00e9\u2022e des derni\u00e8res affaires document\u00e9es. Linkedin","og_url":"https:\/\/intl-crimes-doc.org\/fr\/stay-informed\/","og_site_name":"DCCI","article_modified_time":"2026-04-01T13:15:15+00:00","og_image":[{"width":401,"height":380,"url":"https:\/\/intl-crimes-doc.org\/wp-content\/uploads\/2024\/10\/Business-Consulting-Contact-Us.jpg","type":"image\/jpeg"}],"twitter_card":"summary_large_image","twitter_misc":{"Dur\u00e9e de lecture estim\u00e9e":"1 minute"},"schema":{"@context":"https:\/\/schema.org","@graph":[{"@type":"WebPage","@id":"https:\/\/intl-crimes-doc.org\/stay-informed\/","url":"https:\/\/intl-crimes-doc.org\/stay-informed\/","name":"Stay Informed - DCCI","isPartOf":{"@id":"https:\/\/intl-crimes-doc.org\/fr\/#website"},"primaryImageOfPage":{"@id":"https:\/\/intl-crimes-doc.org\/stay-informed\/#primaryimage"},"image":{"@id":"https:\/\/intl-crimes-doc.org\/stay-informed\/#primaryimage"},"thumbnailUrl":"https:\/\/intl-crimes-doc.org\/wp-content\/uploads\/2024\/10\/Business-Consulting-Contact-Us.jpg","datePublished":"2025-08-28T14:35:51+00:00","dateModified":"2026-04-01T13:15:15+00:00","breadcrumb":{"@id":"https:\/\/intl-crimes-doc.org\/stay-informed\/#breadcrumb"},"inLanguage":"fr-FR","potentialAction":[{"@type":"ReadAction","target":["https:\/\/intl-crimes-doc.org\/stay-informed\/"]}]},{"@type":"ImageObject","inLanguage":"fr-FR","@id":"https:\/\/intl-crimes-doc.org\/stay-informed\/#primaryimage","url":"https:\/\/intl-crimes-doc.org\/wp-content\/uploads\/2024\/10\/Business-Consulting-Contact-Us.jpg","contentUrl":"https:\/\/intl-crimes-doc.org\/wp-content\/uploads\/2024\/10\/Business-Consulting-Contact-Us.jpg","width":401,"height":380},{"@type":"BreadcrumbList","@id":"https:\/\/intl-crimes-doc.org\/stay-informed\/#breadcrumb","itemListElement":[{"@type":"ListItem","position":1,"name":"Home","item":"https:\/\/intl-crimes-doc.org\/"},{"@type":"ListItem","position":2,"name":"Stay Informed"}]},{"@type":"WebSite","@id":"https:\/\/intl-crimes-doc.org\/fr\/#website","url":"https:\/\/intl-crimes-doc.org\/fr\/","name":"DCCI","description":"Documentation Centrale des Crimes Internationaux","publisher":{"@id":"https:\/\/intl-crimes-doc.org\/fr\/#organization"},"potentialAction":[{"@type":"SearchAction","target":{"@type":"EntryPoint","urlTemplate":"https:\/\/intl-crimes-doc.org\/fr\/?s={search_term_string}"},"query-input":{"@type":"PropertyValueSpecification","valueRequired":true,"valueName":"search_term_string"}}],"inLanguage":"fr-FR"},{"@type":"Organization","@id":"https:\/\/intl-crimes-doc.org\/fr\/#organization","name":"DCCI","url":"https:\/\/intl-crimes-doc.org\/fr\/","logo":{"@type":"ImageObject","inLanguage":"fr-FR","@id":"https:\/\/intl-crimes-doc.org\/fr\/#\/schema\/logo\/image\/","url":"https:\/\/intl-crimes-doc.org\/wp-content\/uploads\/2024\/10\/erasebg-transformed.png","contentUrl":"https:\/\/intl-crimes-doc.org\/wp-content\/uploads\/2024\/10\/erasebg-transformed.png","width":195,"height":146,"caption":"DCCI"},"image":{"@id":"https:\/\/intl-crimes-doc.org\/fr\/#\/schema\/logo\/image\/"}}]}},"_links":{"self":[{"href":"https:\/\/intl-crimes-doc.org\/fr\/wp-json\/wp\/v2\/pages\/10378","targetHints":{"allow":["GET"]}}],"collection":[{"href":"https:\/\/intl-crimes-doc.org\/fr\/wp-json\/wp\/v2\/pages"}],"about":[{"href":"https:\/\/intl-crimes-doc.org\/fr\/wp-json\/wp\/v2\/types\/page"}],"author":[{"embeddable":true,"href":"https:\/\/intl-crimes-doc.org\/fr\/wp-json\/wp\/v2\/users\/2"}],"replies":[{"embeddable":true,"href":"https:\/\/intl-crimes-doc.org\/fr\/wp-json\/wp\/v2\/comments?post=10378"}],"version-history":[{"count":25,"href":"https:\/\/intl-crimes-doc.org\/fr\/wp-json\/wp\/v2\/pages\/10378\/revisions"}],"predecessor-version":[{"id":27227,"href":"https:\/\/intl-crimes-doc.org\/fr\/wp-json\/wp\/v2\/pages\/10378\/revisions\/27227"}],"wp:featuredmedia":[{"embeddable":true,"href":"https:\/\/intl-crimes-doc.org\/fr\/wp-json\/wp\/v2\/media\/73"}],"wp:attachment":[{"href":"https:\/\/intl-crimes-doc.org\/fr\/wp-json\/wp\/v2\/media?parent=10378"}],"curies":[{"name":"wp","href":"https:\/\/api.w.org\/{rel}","templated":true}]}}