{"id":10384,"date":"2025-08-28T14:36:03","date_gmt":"2025-08-28T14:36:03","guid":{"rendered":"https:\/\/intl-crimes-doc.org\/?page_id=10384"},"modified":"2026-04-01T13:16:37","modified_gmt":"2026-04-01T13:16:37","slug":"policies","status":"publish","type":"page","link":"https:\/\/intl-crimes-doc.org\/fr\/policies\/","title":{"rendered":"Policies"},"content":{"rendered":"\t\t<div data-elementor-type=\"wp-page\" data-elementor-id=\"10384\" class=\"elementor elementor-10384\" data-elementor-post-type=\"page\">\n\t\t\t\t<div class=\"elementor-element elementor-element-e00d28d e-flex e-con-boxed e-con e-parent\" data-id=\"e00d28d\" data-element_type=\"container\" data-e-type=\"container\" id=\"protection\">\n\t\t\t\t\t<div class=\"e-con-inner\">\n\t\t\t\t<div class=\"elementor-element elementor-element-145cf4c elementor-widget elementor-widget-spacer\" data-id=\"145cf4c\" data-element_type=\"widget\" data-e-type=\"widget\" data-widget_type=\"spacer.default\">\n\t\t\t\t<div class=\"elementor-widget-container\">\n\t\t\t\t\t\t\t<div class=\"elementor-spacer\">\n\t\t\t<div class=\"elementor-spacer-inner\"><\/div>\n\t\t<\/div>\n\t\t\t\t\t\t<\/div>\n\t\t\t\t<\/div>\n\t\t\t\t<div class=\"elementor-element elementor-element-0f3ca77 elementor-widget elementor-widget-heading\" data-id=\"0f3ca77\" data-element_type=\"widget\" data-e-type=\"widget\" data-widget_type=\"heading.default\">\n\t\t\t\t<div class=\"elementor-widget-container\">\n\t\t\t\t\t<h2 class=\"elementor-heading-title elementor-size-default\"><span style=\"background-color: #990000;color: white;padding: 2px\">Protection des donn\u00e9es<\/span>\n<\/h2>\t\t\t\t<\/div>\n\t\t\t\t<\/div>\n\t\t\t\t<div class=\"elementor-element elementor-element-e6c607a elementor-widget elementor-widget-text-editor\" data-id=\"e6c607a\" data-element_type=\"widget\" data-e-type=\"widget\" data-widget_type=\"text-editor.default\">\n\t\t\t\t<div class=\"elementor-widget-container\">\n\t\t\t\t\t\t\t\t\t<p>La Documentation Centrale des Crimes Internationaux &#8211; DCCI (ou ICCD &#8211; International Crimes Central Documentation, ci-apr\u00e8s \u00e9galement d\u00e9sign\u00e9 par \u00ab\u00a0nous\u00a0\u00bb) exploite le site https:\/\/intl-crimes-doc.org (le \u00ab\u00a0Site\u00a0\u00bb). Nous nous engageons \u00e0 prot\u00e9ger votre vie priv\u00e9e et \u00e0 traiter vos donn\u00e9es avec transparence. Cette politique explique comment nous collectons, utilisons et prot\u00e9geons vos informations personnelles lorsque vous visitez notre site. En utilisant le Site, vous acceptez les pratiques d\u00e9crites ci-dessous.<\/p><p><strong>Donn\u00e9es que nous collectons<\/strong><\/p><p>Nous pouvons recueillir les informations suivantes :<\/p><ul><li>Donn\u00e9es personnelles : Nom, adresse e-mail ou coordonn\u00e9es (si vous soumettez des formulaires, vous abonnez \u00e0 nos newsletters ou nous contactez).<\/li><li>Donn\u00e9es non personnelles : Type de navigateur, adresse IP, pages visit\u00e9es et analyses anonymis\u00e9es (via des cookies).<\/li><li>Contributions utilisateur : Commentaires, rapports ou tout autre contenu que vous soumettez volontairement.<\/li><\/ul><div>\u00a0<\/div><div>\u00a0<\/div><p><strong>Comment collectons-nous vos donn\u00e9es ?<\/strong><\/p><p>Vous nous fournissez directement la plupart des donn\u00e9es que nous recueillons. Nous collectons et traitons des donn\u00e9es lorsque vous :<\/p><ul><li>Vous inscrivez en ligne ou commandez l&rsquo;un de nos produits ou services.<\/li><li>R\u00e9pondez volontairement \u00e0 une enqu\u00eate ou laissez des commentaires sur nos forums ou par e-mail.<\/li><li>Consultez notre Site via les cookies de votre navigateur.<\/li><\/ul><div>\u00a0<\/div><div>\u00a0<\/div><p><strong>S\u00e9curit\u00e9 des donn\u00e9es<\/strong><br \/>Nous mettons en \u0153uvre des mesures techniques et organisationnelles pour prot\u00e9ger vos donn\u00e9es (ex. : chiffrement, pare-feux). Cependant, aucune transmission en ligne n&rsquo;est s\u00e9curis\u00e9e \u00e0 100 %.<\/p><p><strong>Cookies et technologies de suivi<\/strong><\/p><p>Les cookies sont des fichiers texte plac\u00e9s sur votre ordinateur pour collecter des informations standard de connexion Internet et des donn\u00e9es sur le comportement des visiteurs (ex. : pr\u00e9f\u00e9rences linguistiques). Lorsque vous consultez notre site, nous pouvons automatiquement recueillir des informations via des cookies ou des technologies similaires. Vous pouvez d\u00e9sactiver les cookies dans les param\u00e8tres de votre navigateur, mais certaines fonctionnalit\u00e9s pourraient ne plus \u00eatre disponibles.<\/p><p><strong>Utilisation de vos donn\u00e9es<\/strong><\/p><p>Les donn\u00e9es collect\u00e9es servent \u00e0 :<\/p><ul><li>Fournir et am\u00e9liorer nos services (ex. : acc\u00e8s \u00e0 la recherche, mises \u00e0 jour d\u02bc\u00e9v\u00e9nements).<\/li><li>R\u00e9pondre \u00e0 vos demandes.<\/li><li>Analyser le trafic via des outils comme Google Analytics (donn\u00e9es anonymis\u00e9es lorsque possible).<\/li><li>Remplir nos obligations l\u00e9gales (ex. : d\u00e9cisions de justice).<\/li><\/ul><p>Nous ne vendons ni ne partageons vos donn\u00e9es avec des tiers \u00e0 des fins commerciales.<\/p><p><strong>Partage des donn\u00e9es<\/strong><\/p><p>Vos donn\u00e9es ne sont partag\u00e9es que dans ces cas :<\/p><ul><li>Avec des partenaires de confiance (ex. : prestataires informatiques) li\u00e9s par des accords de confidentialit\u00e9 stricts.<\/li><li>Pour respecter la loi (ex. : mandats judiciaires, pr\u00e9vention des fraudes).<\/li><li>Avec votre consentement explicite (ex. : co-publication de recherches ou t\u00e9moignages).<\/li><\/ul><div>\u00a0<\/div><div>\u00a0<\/div><p><strong>Politiques de confidentialit\u00e9 externes<\/strong><br \/>Notre site peut contenir des liens vers d\u02bcautres sites. Notre politique ne s\u02bcapplique qu\u02bc\u00e0 notre propre site : consultez la politique<br \/>de confidentialit\u00e9 et protection de donn\u00e9es du site visit\u00e9.<\/p><p><strong>Vos droits<\/strong><br \/>Conform\u00e9ment au RGPD et aux lois similaires, vous pouvez :<\/p><ul><li>Acc\u00e9der, rectifier ou supprimer vos donn\u00e9es personnelles, ainsi qu\u02bcen limiter le traitement ou vous opposer \u00e0 celui-ci.<\/li><li>Demander la transmission de vos donn\u00e9es \u00e0 une autre organisation ou directement \u00e0 vous, sous certaines conditions.<\/li><li>Retirer votre consentement (ex. : vous d\u00e9sinscrire de nos e-mails).<\/li><li>D\u00e9poser une plainte aupr\u00e8s de l\u02bcautorit\u00e9 de protection des donn\u00e9es de votre pays.<\/li><\/ul><p>Pour exercer ces droits, contactez-nous \u00e0 : dcci.contact@protonmail.com\u00a0<\/p><p><strong>Transferts internationaux<\/strong><br \/>Vos donn\u00e9es peuvent \u00eatre trait\u00e9es en dehors de votre pays, mais uniquement avec des garanties appropri\u00e9es (ex. : normes du RGPD de l\u02bcUE).<\/p><p><strong>Protection des enfants<\/strong><br \/>Notre site ne s\u02bcadresse pas aux mineurs. Nous ne collectons pas sciemment leurs donn\u00e9es.<\/p><p><strong>Mises \u00e0 jour de la politique<\/strong><br \/>Cette politique peut \u00eatre r\u00e9vis\u00e9e p\u00e9riodiquement. Les modifications seront publi\u00e9es ici avec une nouvelle date de \u00ab\u00a0derni\u00e8re mise \u00e0 jour\u00a0\u00bb.<\/p><p><strong>Nous contacter<\/strong><br \/>Pour toute question ou demande relative \u00e0 vos donn\u00e9es et \u00e0 votre vie priv\u00e9e : contact@intl-crimes-doc.org<\/p><p>Adresse: 122 rue Amelot, XIe arr. Paris, FRANCE<\/p>\t\t\t\t\t\t\t\t<\/div>\n\t\t\t\t<\/div>\n\t\t\t\t<div class=\"elementor-element elementor-element-f69be17 elementor-widget elementor-widget-spacer\" data-id=\"f69be17\" data-element_type=\"widget\" data-e-type=\"widget\" id=\"permissions\" data-widget_type=\"spacer.default\">\n\t\t\t\t<div class=\"elementor-widget-container\">\n\t\t\t\t\t\t\t<div class=\"elementor-spacer\">\n\t\t\t<div class=\"elementor-spacer-inner\"><\/div>\n\t\t<\/div>\n\t\t\t\t\t\t<\/div>\n\t\t\t\t<\/div>\n\t\t\t\t<div class=\"elementor-element elementor-element-09846ae elementor-widget elementor-widget-heading\" data-id=\"09846ae\" data-element_type=\"widget\" data-e-type=\"widget\" data-widget_type=\"heading.default\">\n\t\t\t\t<div class=\"elementor-widget-container\">\n\t\t\t\t\t<h2 class=\"elementor-heading-title elementor-size-default\"><span style=\"background-color: #990000;color: white;padding: 2px\">Mentions l\u00e9gales<\/span>\n<\/h2>\t\t\t\t<\/div>\n\t\t\t\t<\/div>\n\t\t\t\t<div class=\"elementor-element elementor-element-0325c51 elementor-widget elementor-widget-text-editor\" data-id=\"0325c51\" data-element_type=\"widget\" data-e-type=\"widget\" data-widget_type=\"text-editor.default\">\n\t\t\t\t<div class=\"elementor-widget-container\">\n\t\t\t\t\t\t\t\t\t<p><strong>La Documentation Centrale des Crimes Internationaux &#8211; DCCI \u2022 ICCD<\/strong> <strong>&#8211; International Crimes Central <\/strong><strong>Documentation<\/strong> met \u00e0 disposition du public des rapports, archives et documents multim\u00e9dias afin de promouvoir la mise en application du droit international public. La pr\u00e9sente politique d\u00e9finit les conditions d&rsquo;utilisation de nos contenus.<\/p><p>La plupart des publications de la DCCI sont sous licence Creative Commons Attribution &#8211; Pas d&rsquo;Utilisation Commerciale 4.0 (CC BY-NC).<\/p><p><strong>Vous \u00eates autoris\u00e9 \u00e0 :<\/strong><br \/>Partager : Copier et redistribuer le mat\u00e9riel \u00e0 des fins non commerciales.<br \/>Adapter : Traduire ou extraire des passages avec une attribution appropri\u00e9e.<\/p><p><strong>Obligations :<\/strong><br \/>Cr\u00e9diter la DCCI comme source.<br \/>Ne pas les utiliser \u00e0 des fins commerciales ni sugg\u00e9rer un soutien de la DCCI.<br \/>Exception : Certains contenus (p.ex. photos tierces) peuvent n\u00e9cessiter des autorisations sp\u00e9cifiques.<br \/>Important : Notre logo et nos marques ne sont pas couverts par la licence Creative Commons. Leur utilisation non autoris\u00e9e est interdite.<\/p><p>Aucune autorisation formelle n&rsquo;est requise pour un usage \u00e9ducatif.<\/p>\t\t\t\t\t\t\t\t<\/div>\n\t\t\t\t<\/div>\n\t\t\t\t<div class=\"elementor-element elementor-element-435d10c elementor-widget elementor-widget-spacer\" data-id=\"435d10c\" data-element_type=\"widget\" data-e-type=\"widget\" id=\"methodologie\" data-widget_type=\"spacer.default\">\n\t\t\t\t<div class=\"elementor-widget-container\">\n\t\t\t\t\t\t\t<div class=\"elementor-spacer\">\n\t\t\t<div class=\"elementor-spacer-inner\"><\/div>\n\t\t<\/div>\n\t\t\t\t\t\t<\/div>\n\t\t\t\t<\/div>\n\t\t\t\t<div class=\"elementor-element elementor-element-a0aa9c8 elementor-widget elementor-widget-heading\" data-id=\"a0aa9c8\" data-element_type=\"widget\" data-e-type=\"widget\" data-widget_type=\"heading.default\">\n\t\t\t\t<div class=\"elementor-widget-container\">\n\t\t\t\t\t<h2 class=\"elementor-heading-title elementor-size-default\"><span style=\"background-color: #990000;color: white;padding: 2px\">M\u00e9thodologie<\/span>\n<\/h2>\t\t\t\t<\/div>\n\t\t\t\t<\/div>\n\t\t\t\t<div class=\"elementor-element elementor-element-1f61d72 elementor-widget elementor-widget-text-editor\" data-id=\"1f61d72\" data-element_type=\"widget\" data-e-type=\"widget\" data-widget_type=\"text-editor.default\">\n\t\t\t\t<div class=\"elementor-widget-container\">\n\t\t\t\t\t\t\t\t\t<p><strong>La Documentation Centrale des Crimes Internationaux &#8211; DCCI \u2022 ICCD &#8211; International Crimes Central <\/strong><strong>Documentation<\/strong> centralise les donn\u00e9es issues de ses recherches sur une carte mondiale interactive qui localise les actes susceptibles de constituer des crimes internationaux, avec des d\u00e9tails concernant les auteurs pr\u00e9sum\u00e9s, les victimes et les circonstances des faits.<\/p><p>\u00a0<\/p><p>En parall\u00e8le, des listes de ces crimes sont \u00e9tablies par pays, et les organigrammes des entit\u00e9s bellig\u00e9rantes sont \u00e9labor\u00e9s en prenant en compte la notion de cha\u00eene de commandement. Cette approche permet d&rsquo;expliciter les circonstances de crise g\u00e9n\u00e9rale dans lesquelles des actes particuliers sont commis, et de rassembler des renseignements utiles d&rsquo;un point de vue judiciaire.<\/p><p>\u00a0<\/p><p>Toutes les sources de la Documentation sont cit\u00e9es, \u00e0 l&rsquo;exception des cas o\u00f9 il existe un risque de repr\u00e9sailles contre les t\u00e9moins. Dans ces situations, la priorit\u00e9 est donn\u00e9e \u00e0 la s\u00e9curit\u00e9 des sources humaines, et les informations qui pourraient conduire \u00e0 leur identification ne sont ni publi\u00e9es ni transmises \u00e0 une cour de justice sans leur consentement. Dans tous les cas, l&rsquo;exploitation des sources respecte une rigueur m\u00e9thodologique scientifique afin de produire des renseignements fiables. Chaque information est recoup\u00e9e avec des sources ind\u00e9pendantes les unes des autres.<\/p><p>\u00a0<\/p><p>Notre m\u00e9thode est align\u00e9e sur les standards internationaux, tels que le <strong>Protocole de Berkeley<\/strong> sur les enqu\u00eates num\u00e9riques en sources ouvertes.<\/p>\t\t\t\t\t\t\t\t<\/div>\n\t\t\t\t<\/div>\n\t\t\t\t<div class=\"elementor-element elementor-element-5b5c7b7 elementor-widget elementor-widget-spacer\" data-id=\"5b5c7b7\" data-element_type=\"widget\" data-e-type=\"widget\" data-widget_type=\"spacer.default\">\n\t\t\t\t<div class=\"elementor-widget-container\">\n\t\t\t\t\t\t\t<div class=\"elementor-spacer\">\n\t\t\t<div class=\"elementor-spacer-inner\"><\/div>\n\t\t<\/div>\n\t\t\t\t\t\t<\/div>\n\t\t\t\t<\/div>\n\t\t\t\t\t<\/div>\n\t\t\t\t<\/div>\n\t\t\t\t<\/div>\n\t\t","protected":false},"excerpt":{"rendered":"<p>Protection des donn\u00e9es La Documentation Centrale des Crimes Internationaux &#8211; DCCI (ou ICCD &#8211; International Crimes Central Documentation, ci-apr\u00e8s \u00e9galement d\u00e9sign\u00e9 par \u00ab\u00a0nous\u00a0\u00bb) exploite le site https:\/\/intl-crimes-doc.org (le \u00ab\u00a0Site\u00a0\u00bb). Nous nous engageons \u00e0 prot\u00e9ger votre vie priv\u00e9e et \u00e0 traiter vos donn\u00e9es avec transparence. Cette politique explique comment nous collectons, utilisons et prot\u00e9geons vos informations [&hellip;]<\/p>\n","protected":false},"author":2,"featured_media":0,"parent":0,"menu_order":0,"comment_status":"closed","ping_status":"closed","template":"","meta":{"footnotes":""},"class_list":["post-10384","page","type-page","status-publish","hentry"],"yoast_head":"<!-- This site is optimized with the Yoast SEO plugin v27.2 - https:\/\/yoast.com\/product\/yoast-seo-wordpress\/ -->\n<title>Policies - DCCI<\/title>\n<meta name=\"robots\" content=\"index, follow, max-snippet:-1, max-image-preview:large, max-video-preview:-1\" \/>\n<link rel=\"canonical\" href=\"https:\/\/intl-crimes-doc.org\/fr\/policies\/\" \/>\n<meta property=\"og:locale\" content=\"fr_FR\" \/>\n<meta property=\"og:type\" content=\"article\" \/>\n<meta property=\"og:title\" content=\"Policies - DCCI\" \/>\n<meta property=\"og:description\" content=\"Protection des donn\u00e9es La Documentation Centrale des Crimes Internationaux &#8211; DCCI (ou ICCD &#8211; International Crimes Central Documentation, ci-apr\u00e8s \u00e9galement d\u00e9sign\u00e9 par \u00ab\u00a0nous\u00a0\u00bb) exploite le site https:\/\/intl-crimes-doc.org (le \u00ab\u00a0Site\u00a0\u00bb). Nous nous engageons \u00e0 prot\u00e9ger votre vie priv\u00e9e et \u00e0 traiter vos donn\u00e9es avec transparence. Cette politique explique comment nous collectons, utilisons et prot\u00e9geons vos informations [&hellip;]\" \/>\n<meta property=\"og:url\" content=\"https:\/\/intl-crimes-doc.org\/fr\/policies\/\" \/>\n<meta property=\"og:site_name\" content=\"DCCI\" \/>\n<meta property=\"article:modified_time\" content=\"2026-04-01T13:16:37+00:00\" \/>\n<meta name=\"twitter:card\" content=\"summary_large_image\" \/>\n<meta name=\"twitter:label1\" content=\"Dur\u00e9e de lecture estim\u00e9e\" \/>\n\t<meta name=\"twitter:data1\" content=\"5 minutes\" \/>\n<script type=\"application\/ld+json\" class=\"yoast-schema-graph\">{\"@context\":\"https:\/\/schema.org\",\"@graph\":[{\"@type\":\"WebPage\",\"@id\":\"https:\/\/intl-crimes-doc.org\/policies\/\",\"url\":\"https:\/\/intl-crimes-doc.org\/policies\/\",\"name\":\"Policies - DCCI\",\"isPartOf\":{\"@id\":\"https:\/\/intl-crimes-doc.org\/fr\/#website\"},\"datePublished\":\"2025-08-28T14:36:03+00:00\",\"dateModified\":\"2026-04-01T13:16:37+00:00\",\"breadcrumb\":{\"@id\":\"https:\/\/intl-crimes-doc.org\/policies\/#breadcrumb\"},\"inLanguage\":\"fr-FR\",\"potentialAction\":[{\"@type\":\"ReadAction\",\"target\":[\"https:\/\/intl-crimes-doc.org\/policies\/\"]}]},{\"@type\":\"BreadcrumbList\",\"@id\":\"https:\/\/intl-crimes-doc.org\/policies\/#breadcrumb\",\"itemListElement\":[{\"@type\":\"ListItem\",\"position\":1,\"name\":\"Home\",\"item\":\"https:\/\/intl-crimes-doc.org\/\"},{\"@type\":\"ListItem\",\"position\":2,\"name\":\"Policies\"}]},{\"@type\":\"WebSite\",\"@id\":\"https:\/\/intl-crimes-doc.org\/fr\/#website\",\"url\":\"https:\/\/intl-crimes-doc.org\/fr\/\",\"name\":\"DCCI\",\"description\":\"Documentation Centrale des Crimes Internationaux\",\"publisher\":{\"@id\":\"https:\/\/intl-crimes-doc.org\/fr\/#organization\"},\"potentialAction\":[{\"@type\":\"SearchAction\",\"target\":{\"@type\":\"EntryPoint\",\"urlTemplate\":\"https:\/\/intl-crimes-doc.org\/fr\/?s={search_term_string}\"},\"query-input\":{\"@type\":\"PropertyValueSpecification\",\"valueRequired\":true,\"valueName\":\"search_term_string\"}}],\"inLanguage\":\"fr-FR\"},{\"@type\":\"Organization\",\"@id\":\"https:\/\/intl-crimes-doc.org\/fr\/#organization\",\"name\":\"DCCI\",\"url\":\"https:\/\/intl-crimes-doc.org\/fr\/\",\"logo\":{\"@type\":\"ImageObject\",\"inLanguage\":\"fr-FR\",\"@id\":\"https:\/\/intl-crimes-doc.org\/fr\/#\/schema\/logo\/image\/\",\"url\":\"https:\/\/intl-crimes-doc.org\/wp-content\/uploads\/2024\/10\/erasebg-transformed.png\",\"contentUrl\":\"https:\/\/intl-crimes-doc.org\/wp-content\/uploads\/2024\/10\/erasebg-transformed.png\",\"width\":195,\"height\":146,\"caption\":\"DCCI\"},\"image\":{\"@id\":\"https:\/\/intl-crimes-doc.org\/fr\/#\/schema\/logo\/image\/\"}}]}<\/script>\n<!-- \/ Yoast SEO plugin. -->","yoast_head_json":{"title":"Policies - DCCI","robots":{"index":"index","follow":"follow","max-snippet":"max-snippet:-1","max-image-preview":"max-image-preview:large","max-video-preview":"max-video-preview:-1"},"canonical":"https:\/\/intl-crimes-doc.org\/fr\/policies\/","og_locale":"fr_FR","og_type":"article","og_title":"Policies - DCCI","og_description":"Protection des donn\u00e9es La Documentation Centrale des Crimes Internationaux &#8211; DCCI (ou ICCD &#8211; International Crimes Central Documentation, ci-apr\u00e8s \u00e9galement d\u00e9sign\u00e9 par \u00ab\u00a0nous\u00a0\u00bb) exploite le site https:\/\/intl-crimes-doc.org (le \u00ab\u00a0Site\u00a0\u00bb). Nous nous engageons \u00e0 prot\u00e9ger votre vie priv\u00e9e et \u00e0 traiter vos donn\u00e9es avec transparence. Cette politique explique comment nous collectons, utilisons et prot\u00e9geons vos informations [&hellip;]","og_url":"https:\/\/intl-crimes-doc.org\/fr\/policies\/","og_site_name":"DCCI","article_modified_time":"2026-04-01T13:16:37+00:00","twitter_card":"summary_large_image","twitter_misc":{"Dur\u00e9e de lecture estim\u00e9e":"5 minutes"},"schema":{"@context":"https:\/\/schema.org","@graph":[{"@type":"WebPage","@id":"https:\/\/intl-crimes-doc.org\/policies\/","url":"https:\/\/intl-crimes-doc.org\/policies\/","name":"Policies - DCCI","isPartOf":{"@id":"https:\/\/intl-crimes-doc.org\/fr\/#website"},"datePublished":"2025-08-28T14:36:03+00:00","dateModified":"2026-04-01T13:16:37+00:00","breadcrumb":{"@id":"https:\/\/intl-crimes-doc.org\/policies\/#breadcrumb"},"inLanguage":"fr-FR","potentialAction":[{"@type":"ReadAction","target":["https:\/\/intl-crimes-doc.org\/policies\/"]}]},{"@type":"BreadcrumbList","@id":"https:\/\/intl-crimes-doc.org\/policies\/#breadcrumb","itemListElement":[{"@type":"ListItem","position":1,"name":"Home","item":"https:\/\/intl-crimes-doc.org\/"},{"@type":"ListItem","position":2,"name":"Policies"}]},{"@type":"WebSite","@id":"https:\/\/intl-crimes-doc.org\/fr\/#website","url":"https:\/\/intl-crimes-doc.org\/fr\/","name":"DCCI","description":"Documentation Centrale des Crimes Internationaux","publisher":{"@id":"https:\/\/intl-crimes-doc.org\/fr\/#organization"},"potentialAction":[{"@type":"SearchAction","target":{"@type":"EntryPoint","urlTemplate":"https:\/\/intl-crimes-doc.org\/fr\/?s={search_term_string}"},"query-input":{"@type":"PropertyValueSpecification","valueRequired":true,"valueName":"search_term_string"}}],"inLanguage":"fr-FR"},{"@type":"Organization","@id":"https:\/\/intl-crimes-doc.org\/fr\/#organization","name":"DCCI","url":"https:\/\/intl-crimes-doc.org\/fr\/","logo":{"@type":"ImageObject","inLanguage":"fr-FR","@id":"https:\/\/intl-crimes-doc.org\/fr\/#\/schema\/logo\/image\/","url":"https:\/\/intl-crimes-doc.org\/wp-content\/uploads\/2024\/10\/erasebg-transformed.png","contentUrl":"https:\/\/intl-crimes-doc.org\/wp-content\/uploads\/2024\/10\/erasebg-transformed.png","width":195,"height":146,"caption":"DCCI"},"image":{"@id":"https:\/\/intl-crimes-doc.org\/fr\/#\/schema\/logo\/image\/"}}]}},"_links":{"self":[{"href":"https:\/\/intl-crimes-doc.org\/fr\/wp-json\/wp\/v2\/pages\/10384","targetHints":{"allow":["GET"]}}],"collection":[{"href":"https:\/\/intl-crimes-doc.org\/fr\/wp-json\/wp\/v2\/pages"}],"about":[{"href":"https:\/\/intl-crimes-doc.org\/fr\/wp-json\/wp\/v2\/types\/page"}],"author":[{"embeddable":true,"href":"https:\/\/intl-crimes-doc.org\/fr\/wp-json\/wp\/v2\/users\/2"}],"replies":[{"embeddable":true,"href":"https:\/\/intl-crimes-doc.org\/fr\/wp-json\/wp\/v2\/comments?post=10384"}],"version-history":[{"count":25,"href":"https:\/\/intl-crimes-doc.org\/fr\/wp-json\/wp\/v2\/pages\/10384\/revisions"}],"predecessor-version":[{"id":27230,"href":"https:\/\/intl-crimes-doc.org\/fr\/wp-json\/wp\/v2\/pages\/10384\/revisions\/27230"}],"wp:attachment":[{"href":"https:\/\/intl-crimes-doc.org\/fr\/wp-json\/wp\/v2\/media?parent=10384"}],"curies":[{"name":"wp","href":"https:\/\/api.w.org\/{rel}","templated":true}]}}